{"id":30,"date":"2022-02-25T14:59:37","date_gmt":"2022-02-25T13:59:37","guid":{"rendered":"https:\/\/www.klf-zvl.com\/?page_id=30"},"modified":"2022-02-25T17:37:17","modified_gmt":"2022-02-25T16:37:17","slug":"sortiment-vyroby-lozisek-klf-zvl","status":"publish","type":"page","link":"https:\/\/www.klf-zvl.com\/index.php\/sortiment-vyroby-lozisek-klf-zvl\/","title":{"rendered":"Sortiment v\u00fdroby lo\u017eisek           KLF-ZVL"},"content":{"rendered":"\n<figure class=\"wp-block-gallery has-nested-images columns-default is-cropped wp-block-gallery-1 is-layout-flex wp-block-gallery-is-layout-flex\">\n<figure class=\"wp-block-image size-full is-style-default\"><img loading=\"lazy\" decoding=\"async\" width=\"272\" height=\"264\" data-id=\"32\" src=\"https:\/\/www.klf-zvl.com\/wp-content\/uploads\/2022\/02\/Lozisko_kuzelikove_272x264_transp.png\" alt=\"Lozisko_kuzelikove\" class=\"wp-image-32\"\/><\/figure>\n\n\n\n<figure class=\"wp-block-image size-full is-style-default\"><img loading=\"lazy\" decoding=\"async\" width=\"272\" height=\"233\" data-id=\"70\" src=\"https:\/\/www.klf-zvl.com\/wp-content\/uploads\/2022\/02\/Lozisko_valeckove_272x233_transp1.png\" alt=\"\" class=\"wp-image-70\"\/><\/figure>\n<\/figure>\n\n\n\n<p>Produkce lo\u017eisek KLF-ZVL je vyr\u00e1b\u011bna dle p\u0159\u00edsn\u00fdch technicko-v\u00fdrobn\u00edch standard\u016f ZKL\/ZVL. V\u00fdroba je aktu\u00e1ln\u011b soust\u0159ed\u011bna na sortiment<\/p>\n\n\n\n<ul class=\"wp-block-list\"><li>V\u00e1le\u010dkov\u00e1 lo\u017eiska dvou\u0159ad\u00e1<\/li><li><a href=\"https:\/\/www.klf-zvl.com\/wp-content\/uploads\/2022\/02\/Katalog_kuzelikove_loziska.pdf\" target=\"_blank\" rel=\"noreferrer noopener\">Ku\u017eel\u00edkov\u00e1 lo\u017eiska jedno\u0159ad\u00e1<\/a><\/li><\/ul>\n\n\n\n<p>Ned\u00edlnou sou\u010d\u00e1st\u00ed dod\u00e1vek produkt\u016f je kvalifikovan\u00e9 poradenstv\u00ed a \u0161kolen\u00ed v oblastech maz\u00e1n\u00ed, mont\u00e1\u017ee, \u00fadr\u017eby lo\u017eisek a navrhov\u00e1n\u00ed ulo\u017een\u00ed prost\u0159ednictv\u00edm autorizovan\u00fdch partner\u016f a distributor\u016f.<\/p>\n","protected":false},"excerpt":{"rendered":"<p>Produkce lo\u017eisek KLF-ZVL je vyr\u00e1b\u011bna dle p\u0159\u00edsn\u00fdch technicko-v\u00fdrobn\u00edch standard\u016f ZKL\/ZVL. V\u00fdroba je aktu\u00e1ln\u011b soust\u0159ed\u011bna na sortiment V\u00e1le\u010dkov\u00e1 lo\u017eiska dvou\u0159ad\u00e1 Ku\u017eel\u00edkov\u00e1 lo\u017eiska jedno\u0159ad\u00e1 Ned\u00edlnou sou\u010d\u00e1st\u00ed dod\u00e1vek produkt\u016f je kvalifikovan\u00e9 poradenstv\u00ed a \u0161kolen\u00ed v oblastech maz\u00e1n\u00ed, mont\u00e1\u017ee, \u00fadr\u017eby lo\u017eisek a navrhov\u00e1n\u00ed ulo\u017een\u00ed prost\u0159ednictv\u00edm autorizovan\u00fdch partner\u016f a distributor\u016f.<\/p>\n","protected":false},"author":1,"featured_media":0,"parent":0,"menu_order":0,"comment_status":"closed","ping_status":"closed","template":"","meta":{"footnotes":""},"class_list":["post-30","page","type-page","status-publish","hentry"],"_links":{"self":[{"href":"https:\/\/www.klf-zvl.com\/index.php\/wp-json\/wp\/v2\/pages\/30","targetHints":{"allow":["GET"]}}],"collection":[{"href":"https:\/\/www.klf-zvl.com\/index.php\/wp-json\/wp\/v2\/pages"}],"about":[{"href":"https:\/\/www.klf-zvl.com\/index.php\/wp-json\/wp\/v2\/types\/page"}],"author":[{"embeddable":true,"href":"https:\/\/www.klf-zvl.com\/index.php\/wp-json\/wp\/v2\/users\/1"}],"replies":[{"embeddable":true,"href":"https:\/\/www.klf-zvl.com\/index.php\/wp-json\/wp\/v2\/comments?post=30"}],"version-history":[{"count":5,"href":"https:\/\/www.klf-zvl.com\/index.php\/wp-json\/wp\/v2\/pages\/30\/revisions"}],"predecessor-version":[{"id":76,"href":"https:\/\/www.klf-zvl.com\/index.php\/wp-json\/wp\/v2\/pages\/30\/revisions\/76"}],"wp:attachment":[{"href":"https:\/\/www.klf-zvl.com\/index.php\/wp-json\/wp\/v2\/media?parent=30"}],"curies":[{"name":"wp","href":"https:\/\/api.w.org\/{rel}","templated":true}]}}