{"id":56,"date":"2022-02-25T15:32:33","date_gmt":"2022-02-25T14:32:33","guid":{"rendered":"https:\/\/www.klf-zvl.com\/?page_id=56"},"modified":"2022-02-25T16:47:55","modified_gmt":"2022-02-25T15:47:55","slug":"60-let-tradice-a-zkusenosti","status":"publish","type":"page","link":"https:\/\/www.klf-zvl.com\/index.php\/60-let-tradice-a-zkusenosti\/","title":{"rendered":"60 let tradice a zku\u0161enost\u00ed"},"content":{"rendered":"\n<figure class=\"wp-block-gallery has-nested-images columns-default is-cropped wp-block-gallery-1 is-layout-flex wp-block-gallery-is-layout-flex\">\n<figure class=\"wp-block-image size-full\"><img loading=\"lazy\" decoding=\"async\" width=\"575\" height=\"797\" data-id=\"73\" src=\"https:\/\/www.klf-zvl.com\/wp-content\/uploads\/2022\/02\/60_years_tradition_522_1.png\" alt=\"\" class=\"wp-image-73\" srcset=\"https:\/\/www.klf-zvl.com\/wp-content\/uploads\/2022\/02\/60_years_tradition_522_1.png 575w, https:\/\/www.klf-zvl.com\/wp-content\/uploads\/2022\/02\/60_years_tradition_522_1-216x300.png 216w\" sizes=\"auto, (max-width: 575px) 100vw, 575px\" \/><\/figure>\n\n\n\n<figure class=\"wp-block-image size-large\"><img loading=\"lazy\" decoding=\"async\" width=\"151\" height=\"170\" data-id=\"57\" src=\"https:\/\/www.klf-zvl.com\/wp-content\/uploads\/2022\/02\/60_years_tradition_150x170-1.png\" alt=\"\" class=\"wp-image-57\"\/><\/figure>\n<\/figure>\n\n\n\n<p>V\u00fdroba valiv\u00fdch lo\u017eisek byla zah\u00e1jena ve Vla\u0161imi v Blanick\u00fdch stroj\u00edrn\u00e1ch v letech 1959-60. Do zvodu byla soust\u0159ed\u011bna v\u00fdroba ku\u017eel\u00edkov\u00fdch lo\u017eisek ve v\u0161ech standardn\u00edch \u0159ad\u00e1ch jako i v\u00fdroba p\u0159esn\u00fdch dvou\u0159ad\u00fdch v\u00e1le\u010dkov\u00fdch lo\u017eisek \u0159ady NN 30 pro r\u016fzn\u00e1 n\u00e1ro\u010dn\u00e1 ulo\u017een\u00ed, kde se podnik stal jedin\u00fdm v\u00fdrobcem tohoto sortimentu v\u00e1le\u010dkov\u00fdch lo\u017eisek v&nbsp;\u010cSSR. Zaji\u0161\u0165ov\u00e1n\u00ed inova\u010dn\u00edch program\u016f technologie a konstrukce v\u00fdrobk\u016f byla technicky a technologicky &nbsp;n\u00e1sledn\u011b&nbsp; zavedena produkce ku\u017eel\u00edkov\u00fdch lo\u017eisek v rozsahu 34 typorozm\u011br\u016f v p\u0159esnostech P0, P6, P5 a speci\u00e1ln\u00edch proveden\u00edch \u201eE\u201c a \u201eB\u201c jako i produkce speci\u00e1ln\u00edch druh\u016f lo\u017eisek pro r\u016fzn\u00e1 n\u00e1ro\u010dn\u00e1 ulo\u017een\u00ed vysokoot\u00e1\u010dkov\u00fdch v\u0159eten pro textiln\u00ed stroje.<\/p>\n","protected":false},"excerpt":{"rendered":"<p>V\u00fdroba valiv\u00fdch lo\u017eisek byla zah\u00e1jena ve Vla\u0161imi v Blanick\u00fdch stroj\u00edrn\u00e1ch v letech 1959-60. Do zvodu byla soust\u0159ed\u011bna v\u00fdroba ku\u017eel\u00edkov\u00fdch lo\u017eisek ve v\u0161ech standardn\u00edch \u0159ad\u00e1ch jako i v\u00fdroba p\u0159esn\u00fdch dvou\u0159ad\u00fdch v\u00e1le\u010dkov\u00fdch lo\u017eisek \u0159ady NN 30 pro r\u016fzn\u00e1 n\u00e1ro\u010dn\u00e1 ulo\u017een\u00ed, kde se podnik stal jedin\u00fdm v\u00fdrobcem tohoto sortimentu v\u00e1le\u010dkov\u00fdch lo\u017eisek v&nbsp;\u010cSSR. Zaji\u0161\u0165ov\u00e1n\u00ed inova\u010dn\u00edch program\u016f technologie a konstrukce [&hellip;]<\/p>\n","protected":false},"author":1,"featured_media":0,"parent":0,"menu_order":0,"comment_status":"closed","ping_status":"closed","template":"","meta":{"footnotes":""},"class_list":["post-56","page","type-page","status-publish","hentry"],"_links":{"self":[{"href":"https:\/\/www.klf-zvl.com\/index.php\/wp-json\/wp\/v2\/pages\/56","targetHints":{"allow":["GET"]}}],"collection":[{"href":"https:\/\/www.klf-zvl.com\/index.php\/wp-json\/wp\/v2\/pages"}],"about":[{"href":"https:\/\/www.klf-zvl.com\/index.php\/wp-json\/wp\/v2\/types\/page"}],"author":[{"embeddable":true,"href":"https:\/\/www.klf-zvl.com\/index.php\/wp-json\/wp\/v2\/users\/1"}],"replies":[{"embeddable":true,"href":"https:\/\/www.klf-zvl.com\/index.php\/wp-json\/wp\/v2\/comments?post=56"}],"version-history":[{"count":3,"href":"https:\/\/www.klf-zvl.com\/index.php\/wp-json\/wp\/v2\/pages\/56\/revisions"}],"predecessor-version":[{"id":74,"href":"https:\/\/www.klf-zvl.com\/index.php\/wp-json\/wp\/v2\/pages\/56\/revisions\/74"}],"wp:attachment":[{"href":"https:\/\/www.klf-zvl.com\/index.php\/wp-json\/wp\/v2\/media?parent=56"}],"curies":[{"name":"wp","href":"https:\/\/api.w.org\/{rel}","templated":true}]}}